{"id":15,"date":"2025-06-10T19:04:05","date_gmt":"2025-06-10T17:04:05","guid":{"rendered":"https:\/\/rzuedeu.cluster021.hosting.ovh.net\/?page_id=15"},"modified":"2025-10-28T18:50:15","modified_gmt":"2025-10-28T17:50:15","slug":"les-animations","status":"publish","type":"page","link":"https:\/\/www.laboutiquefantastik.com\/index.php\/les-animations\/","title":{"rendered":"Les Animations"},"content":{"rendered":"\n<figure class=\"wp-block-image alignleft size-large is-resized is-style-rounded\"><img loading=\"lazy\" decoding=\"async\" width=\"1024\" height=\"1024\" src=\"http:\/\/rzuedeu.cluster021.hosting.ovh.net\/wp-content\/uploads\/2025\/06\/Stickers-Ronds2-1024x1024.png\" alt=\"\" class=\"wp-image-11\" style=\"width:264px;height:auto\" srcset=\"https:\/\/www.laboutiquefantastik.com\/wp-content\/uploads\/2025\/06\/Stickers-Ronds2-1024x1024.png 1024w, https:\/\/www.laboutiquefantastik.com\/wp-content\/uploads\/2025\/06\/Stickers-Ronds2-300x300.png 300w, https:\/\/www.laboutiquefantastik.com\/wp-content\/uploads\/2025\/06\/Stickers-Ronds2-150x150.png 150w, https:\/\/www.laboutiquefantastik.com\/wp-content\/uploads\/2025\/06\/Stickers-Ronds2-768x768.png 768w, https:\/\/www.laboutiquefantastik.com\/wp-content\/uploads\/2025\/06\/Stickers-Ronds2.png 1181w\" sizes=\"auto, (max-width: 1024px) 100vw, 1024px\" \/><\/figure>\n\n\n\n<p>Plusieurs fois par mois, le Caf\u00e9 Ludique ouvrira ses portes en soir\u00e9e pour des animations vari\u00e9es.<\/p>\n\n\n\n<p>Pr\u00e9sentation des nouveaut\u00e9s, atelier \u00e0 th\u00e8me, initiation au jeu de r\u00f4les, tournoi, \u00e9v\u00e8nement, etc.<\/p>\n\n\n\n<p><strong>Le programme est disponible ci-dessous et sur la vitrine de la Boutique !<\/strong><\/p>\n\n\n<ul class=\"wp-block-latest-posts__list wp-block-latest-posts\"><li><a class=\"wp-block-latest-posts__post-title\" href=\"https:\/\/www.laboutiquefantastik.com\/index.php\/2026\/04\/13\/k-pop-demon-hunter\/\">\u00ab\u00a0K-Pop Demon Hunter\u00a0\u00bb<\/a><\/li>\n<li><a class=\"wp-block-latest-posts__post-title\" href=\"https:\/\/www.laboutiquefantastik.com\/index.php\/2026\/04\/12\/coups-bas-et-plus-encore\/\">\u00ab\u00a0Coups Bas\u00a0\u00bb et plus encore&#8230;<\/a><\/li>\n<li><a class=\"wp-block-latest-posts__post-title\" href=\"https:\/\/www.laboutiquefantastik.com\/index.php\/2026\/03\/21\/25-avril-initiation-lorcana\/\">25 Avril &#8211; Initiation Lorcana<\/a><\/li>\n<li><a class=\"wp-block-latest-posts__post-title\" href=\"https:\/\/www.laboutiquefantastik.com\/index.php\/2026\/03\/21\/19-avril-magic-ap-strixhaven\/\">19 Avril &#8211; Magic AP Strixhaven<\/a><\/li>\n<li><a class=\"wp-block-latest-posts__post-title\" href=\"https:\/\/www.laboutiquefantastik.com\/index.php\/2026\/03\/21\/10-avril-jeu-de-roles-coups-bas\/\">10 Avril &#8211; Jeu de R\u00f4les \u00ab\u00a0Coups Bas\u00a0\u00bb<\/a><\/li>\n<\/ul>\n\n\n<p><\/p>\n\n\n\n<p>Il est \u00e9galement <strong>possible de demander la privatisation du Caf\u00e9<\/strong>, pour un apr\u00e8s-midi ou une soir\u00e9e, avec animations jeux de soci\u00e9t\u00e9, jeu de r\u00f4les, enqu\u00eate, etc. pour un anniversaire ou un \u00e9v\u00e8nement particulier !<\/p>\n\n\n\n<p>Merci de <a href=\"mailto:laboutiquefantastik@gmail.com\">nous contacter<\/a> pour plus d&rsquo;informations \u00e0 ce sujet.<\/p>\n","protected":false},"excerpt":{"rendered":"<p>Plusieurs fois par mois, le Caf\u00e9 Ludique ouvrira ses portes en soir\u00e9e pour des animations vari\u00e9es. Pr\u00e9sentation des nouveaut\u00e9s, atelier \u00e0 th\u00e8me, initiation au jeu de r\u00f4les, tournoi, \u00e9v\u00e8nement, etc. Le programme est disponible ci-dessous et sur la vitrine de la Boutique ! Il est \u00e9galement possible de demander la privatisation du Caf\u00e9, pour un [&hellip;]<\/p>\n","protected":false},"author":1,"featured_media":0,"parent":0,"menu_order":0,"comment_status":"closed","ping_status":"closed","template":"","meta":{"footnotes":""},"class_list":["post-15","page","type-page","status-publish","hentry"],"_links":{"self":[{"href":"https:\/\/www.laboutiquefantastik.com\/index.php\/wp-json\/wp\/v2\/pages\/15","targetHints":{"allow":["GET"]}}],"collection":[{"href":"https:\/\/www.laboutiquefantastik.com\/index.php\/wp-json\/wp\/v2\/pages"}],"about":[{"href":"https:\/\/www.laboutiquefantastik.com\/index.php\/wp-json\/wp\/v2\/types\/page"}],"author":[{"embeddable":true,"href":"https:\/\/www.laboutiquefantastik.com\/index.php\/wp-json\/wp\/v2\/users\/1"}],"replies":[{"embeddable":true,"href":"https:\/\/www.laboutiquefantastik.com\/index.php\/wp-json\/wp\/v2\/comments?post=15"}],"version-history":[{"count":10,"href":"https:\/\/www.laboutiquefantastik.com\/index.php\/wp-json\/wp\/v2\/pages\/15\/revisions"}],"predecessor-version":[{"id":394,"href":"https:\/\/www.laboutiquefantastik.com\/index.php\/wp-json\/wp\/v2\/pages\/15\/revisions\/394"}],"wp:attachment":[{"href":"https:\/\/www.laboutiquefantastik.com\/index.php\/wp-json\/wp\/v2\/media?parent=15"}],"curies":[{"name":"wp","href":"https:\/\/api.w.org\/{rel}","templated":true}]}}