{"id":20,"date":"2025-06-10T19:03:52","date_gmt":"2025-06-10T17:03:52","guid":{"rendered":"https:\/\/rzuedeu.cluster021.hosting.ovh.net\/?page_id=20"},"modified":"2025-10-28T18:49:57","modified_gmt":"2025-10-28T17:49:57","slug":"la-boutique-de-jeux","status":"publish","type":"page","link":"https:\/\/www.laboutiquefantastik.com\/index.php\/la-boutique-de-jeux\/","title":{"rendered":"La Boutique"},"content":{"rendered":"\n<figure class=\"wp-block-image aligncenter size-large is-resized has-custom-border is-style-rounded\"><img loading=\"lazy\" decoding=\"async\" width=\"1024\" height=\"771\" src=\"https:\/\/rzuedeu.cluster021.hosting.ovh.net\/wp-content\/uploads\/2025\/06\/IMG_20250611_175221-1024x771.jpg\" alt=\"\" class=\"wp-image-73\" style=\"border-radius:75px;width:599px;height:auto\" srcset=\"https:\/\/www.laboutiquefantastik.com\/wp-content\/uploads\/2025\/06\/IMG_20250611_175221-1024x771.jpg 1024w, https:\/\/www.laboutiquefantastik.com\/wp-content\/uploads\/2025\/06\/IMG_20250611_175221-300x226.jpg 300w, https:\/\/www.laboutiquefantastik.com\/wp-content\/uploads\/2025\/06\/IMG_20250611_175221-768x578.jpg 768w, https:\/\/www.laboutiquefantastik.com\/wp-content\/uploads\/2025\/06\/IMG_20250611_175221-1536x1157.jpg 1536w, https:\/\/www.laboutiquefantastik.com\/wp-content\/uploads\/2025\/06\/IMG_20250611_175221-2048x1542.jpg 2048w\" sizes=\"auto, (max-width: 1024px) 100vw, 1024px\" \/><\/figure>\n\n\n\n<p>Dans un espace de pr\u00e8s de 35m\u00b2, nos \u00e9tag\u00e8res contiennent une large gamme de <strong>jeux de soci\u00e9t\u00e9<\/strong> :<\/p>\n\n\n\n<ul class=\"wp-block-list\">\n<li>SmartGames, puzzles aventures et jeux pour les plus petits ;<\/li>\n<\/ul>\n\n\n\n<ul class=\"wp-block-list\">\n<li>Jeux familiaux en comp\u00e9tition ou coop\u00e9ration et aventures immersives, etc.<\/li>\n<\/ul>\n\n\n\n<ul class=\"wp-block-list\">\n<li>Jeux d&rsquo;ambiance et jeux rapides pour les soir\u00e9es entre amis ;<\/li>\n<\/ul>\n\n\n\n<ul class=\"wp-block-list\">\n<li>Sans oublier les initi\u00e9s et experts qui trouveront de quoi satisfaire leurs envies !<\/li>\n<\/ul>\n\n\n\n<p><\/p>\n\n\n\n<p><\/p>\n\n\n\n<p>Pour les amoureux des <strong>puzzles <\/strong>: d\u00e9couvrez une gamme de puzzles Twist o\u00f9 l&rsquo;on ne reproduit pas exactement ce qu&rsquo;il y a sur la bo\u00eete, des puzzles phosphorescent, des puzzles Escape, etc.<\/p>\n\n\n\n<p><\/p>\n\n\n\n<p>Et enfin du mat\u00e9riel pour les <strong>r\u00f4listes <\/strong>: livres d&rsquo;initiation, BattleMap, figurines, d\u00e9s et pistes de d\u00e9s, accessoires, etc.<\/p>\n\n\n\n<p><\/p>\n\n\n\n<figure class=\"wp-block-image aligncenter size-large is-resized has-custom-border is-style-rounded\"><img loading=\"lazy\" decoding=\"async\" width=\"1024\" height=\"771\" src=\"https:\/\/rzuedeu.cluster021.hosting.ovh.net\/wp-content\/uploads\/2025\/06\/IMG_20250611_175312-1024x771.jpg\" alt=\"\" class=\"wp-image-74\" style=\"border-radius:100px;width:601px;height:auto\" srcset=\"https:\/\/www.laboutiquefantastik.com\/wp-content\/uploads\/2025\/06\/IMG_20250611_175312-1024x771.jpg 1024w, https:\/\/www.laboutiquefantastik.com\/wp-content\/uploads\/2025\/06\/IMG_20250611_175312-300x226.jpg 300w, https:\/\/www.laboutiquefantastik.com\/wp-content\/uploads\/2025\/06\/IMG_20250611_175312-768x578.jpg 768w, https:\/\/www.laboutiquefantastik.com\/wp-content\/uploads\/2025\/06\/IMG_20250611_175312-1536x1157.jpg 1536w, https:\/\/www.laboutiquefantastik.com\/wp-content\/uploads\/2025\/06\/IMG_20250611_175312-2048x1542.jpg 2048w\" sizes=\"auto, (max-width: 1024px) 100vw, 1024px\" \/><\/figure>\n\n\n\n<p>Et si ce que vous souhaitez acheter n&rsquo;est pas ici ?<\/p>\n\n\n\n<p>Pas de panique ! On commande pour vous et vous venez r\u00e9cup\u00e9rer votre jeu en magasin ! \ud83d\ude42<\/p>\n","protected":false},"excerpt":{"rendered":"<p>Dans un espace de pr\u00e8s de 35m\u00b2, nos \u00e9tag\u00e8res contiennent une large gamme de jeux de soci\u00e9t\u00e9 : Pour les amoureux des puzzles : d\u00e9couvrez une gamme de puzzles Twist o\u00f9 l&rsquo;on ne reproduit pas exactement ce qu&rsquo;il y a sur la bo\u00eete, des puzzles phosphorescent, des puzzles Escape, etc. Et enfin du mat\u00e9riel pour [&hellip;]<\/p>\n","protected":false},"author":1,"featured_media":0,"parent":0,"menu_order":0,"comment_status":"closed","ping_status":"closed","template":"","meta":{"footnotes":""},"class_list":["post-20","page","type-page","status-publish","hentry"],"_links":{"self":[{"href":"https:\/\/www.laboutiquefantastik.com\/index.php\/wp-json\/wp\/v2\/pages\/20","targetHints":{"allow":["GET"]}}],"collection":[{"href":"https:\/\/www.laboutiquefantastik.com\/index.php\/wp-json\/wp\/v2\/pages"}],"about":[{"href":"https:\/\/www.laboutiquefantastik.com\/index.php\/wp-json\/wp\/v2\/types\/page"}],"author":[{"embeddable":true,"href":"https:\/\/www.laboutiquefantastik.com\/index.php\/wp-json\/wp\/v2\/users\/1"}],"replies":[{"embeddable":true,"href":"https:\/\/www.laboutiquefantastik.com\/index.php\/wp-json\/wp\/v2\/comments?post=20"}],"version-history":[{"count":10,"href":"https:\/\/www.laboutiquefantastik.com\/index.php\/wp-json\/wp\/v2\/pages\/20\/revisions"}],"predecessor-version":[{"id":393,"href":"https:\/\/www.laboutiquefantastik.com\/index.php\/wp-json\/wp\/v2\/pages\/20\/revisions\/393"}],"wp:attachment":[{"href":"https:\/\/www.laboutiquefantastik.com\/index.php\/wp-json\/wp\/v2\/media?parent=20"}],"curies":[{"name":"wp","href":"https:\/\/api.w.org\/{rel}","templated":true}]}}