{"id":23,"date":"2025-06-10T19:03:58","date_gmt":"2025-06-10T17:03:58","guid":{"rendered":"https:\/\/rzuedeu.cluster021.hosting.ovh.net\/?page_id=23"},"modified":"2025-10-28T18:50:06","modified_gmt":"2025-10-28T17:50:06","slug":"le-cafe-ludique","status":"publish","type":"page","link":"https:\/\/www.laboutiquefantastik.com\/index.php\/le-cafe-ludique\/","title":{"rendered":"Le Salon Ludique"},"content":{"rendered":"\n<p>La Boutique se prolonge dans une seconde salle de 25m\u00b2 : le <strong>Salon Ludique<\/strong> !<\/p>\n\n\n\n<p>Une \u00e9tag\u00e8re pleine de jeux, des tables pr\u00eates \u00e0 vous accueillir, un comptoir garni de bonnes choses \u00e0 savourer&#8230;<\/p>\n\n\n\n<p>Tout est l\u00e0 pour vous faire passer un bon moment !<\/p>\n\n\n\n<p><\/p>\n\n\n\n<figure class=\"wp-block-image aligncenter size-large is-resized has-custom-border is-style-rounded\"><img loading=\"lazy\" decoding=\"async\" width=\"1024\" height=\"771\" src=\"https:\/\/rzuedeu.cluster021.hosting.ovh.net\/wp-content\/uploads\/2025\/06\/IMG_20250611_175325-1024x771.jpg\" alt=\"\" class=\"wp-image-76\" style=\"border-radius:87px;width:620px;height:auto\" srcset=\"https:\/\/www.laboutiquefantastik.com\/wp-content\/uploads\/2025\/06\/IMG_20250611_175325-1024x771.jpg 1024w, https:\/\/www.laboutiquefantastik.com\/wp-content\/uploads\/2025\/06\/IMG_20250611_175325-300x226.jpg 300w, https:\/\/www.laboutiquefantastik.com\/wp-content\/uploads\/2025\/06\/IMG_20250611_175325-768x578.jpg 768w, https:\/\/www.laboutiquefantastik.com\/wp-content\/uploads\/2025\/06\/IMG_20250611_175325-1536x1157.jpg 1536w, https:\/\/www.laboutiquefantastik.com\/wp-content\/uploads\/2025\/06\/IMG_20250611_175325-2048x1542.jpg 2048w\" sizes=\"auto, (max-width: 1024px) 100vw, 1024px\" \/><\/figure>\n\n\n\n<p>Les jeux disponibles sont enrichis \u00e0 chaque arrivage avec les nouveaut\u00e9s du moment.<\/p>\n\n\n\n<p>Boissons fra\u00eeches, chaudes, barres chocolat\u00e9es, p\u00e2tisseries maison, bonbons&#8230; La carte est simple et efficace !<\/p>\n\n\n\n<figure class=\"wp-block-image aligncenter size-large is-resized has-custom-border is-style-rounded\"><img loading=\"lazy\" decoding=\"async\" width=\"724\" height=\"1024\" src=\"http:\/\/rzuedeu.cluster021.hosting.ovh.net\/wp-content\/uploads\/2025\/06\/Carte-FantastiK-724x1024.jpg\" alt=\"\" class=\"wp-image-12\" style=\"border-radius:74px;width:504px;height:auto\" srcset=\"https:\/\/www.laboutiquefantastik.com\/wp-content\/uploads\/2025\/06\/Carte-FantastiK-724x1024.jpg 724w, https:\/\/www.laboutiquefantastik.com\/wp-content\/uploads\/2025\/06\/Carte-FantastiK-212x300.jpg 212w, https:\/\/www.laboutiquefantastik.com\/wp-content\/uploads\/2025\/06\/Carte-FantastiK-768x1086.jpg 768w, https:\/\/www.laboutiquefantastik.com\/wp-content\/uploads\/2025\/06\/Carte-FantastiK-1086x1536.jpg 1086w, https:\/\/www.laboutiquefantastik.com\/wp-content\/uploads\/2025\/06\/Carte-FantastiK.jpg 1414w\" sizes=\"auto, (max-width: 724px) 100vw, 724px\" \/><\/figure>\n\n\n\n<p><em>Comme dans tout caf\u00e9, l&rsquo;acc\u00e8s aux tables n\u00e9cessite une consommation !<\/em><\/p>\n\n\n\n<figure class=\"wp-block-image aligncenter size-large is-resized has-custom-border is-style-rounded\"><img loading=\"lazy\" decoding=\"async\" width=\"771\" height=\"1024\" src=\"https:\/\/rzuedeu.cluster021.hosting.ovh.net\/wp-content\/uploads\/2025\/06\/IMG_20250611_175345-771x1024.jpg\" alt=\"\" class=\"wp-image-78\" style=\"border-radius:100px;width:297px;height:auto\" srcset=\"https:\/\/www.laboutiquefantastik.com\/wp-content\/uploads\/2025\/06\/IMG_20250611_175345-771x1024.jpg 771w, https:\/\/www.laboutiquefantastik.com\/wp-content\/uploads\/2025\/06\/IMG_20250611_175345-226x300.jpg 226w, https:\/\/www.laboutiquefantastik.com\/wp-content\/uploads\/2025\/06\/IMG_20250611_175345-768x1020.jpg 768w, https:\/\/www.laboutiquefantastik.com\/wp-content\/uploads\/2025\/06\/IMG_20250611_175345-1157x1536.jpg 1157w, https:\/\/www.laboutiquefantastik.com\/wp-content\/uploads\/2025\/06\/IMG_20250611_175345-1542x2048.jpg 1542w, https:\/\/www.laboutiquefantastik.com\/wp-content\/uploads\/2025\/06\/IMG_20250611_175345-scaled.jpg 1928w\" sizes=\"auto, (max-width: 771px) 100vw, 771px\" \/><\/figure>\n","protected":false},"excerpt":{"rendered":"<p>La Boutique se prolonge dans une seconde salle de 25m\u00b2 : le Salon Ludique ! Une \u00e9tag\u00e8re pleine de jeux, des tables pr\u00eates \u00e0 vous accueillir, un comptoir garni de bonnes choses \u00e0 savourer&#8230; Tout est l\u00e0 pour vous faire passer un bon moment ! Les jeux disponibles sont enrichis \u00e0 chaque arrivage avec les [&hellip;]<\/p>\n","protected":false},"author":1,"featured_media":0,"parent":0,"menu_order":0,"comment_status":"closed","ping_status":"closed","template":"","meta":{"footnotes":""},"class_list":["post-23","page","type-page","status-publish","hentry"],"_links":{"self":[{"href":"https:\/\/www.laboutiquefantastik.com\/index.php\/wp-json\/wp\/v2\/pages\/23","targetHints":{"allow":["GET"]}}],"collection":[{"href":"https:\/\/www.laboutiquefantastik.com\/index.php\/wp-json\/wp\/v2\/pages"}],"about":[{"href":"https:\/\/www.laboutiquefantastik.com\/index.php\/wp-json\/wp\/v2\/types\/page"}],"author":[{"embeddable":true,"href":"https:\/\/www.laboutiquefantastik.com\/index.php\/wp-json\/wp\/v2\/users\/1"}],"replies":[{"embeddable":true,"href":"https:\/\/www.laboutiquefantastik.com\/index.php\/wp-json\/wp\/v2\/comments?post=23"}],"version-history":[{"count":6,"href":"https:\/\/www.laboutiquefantastik.com\/index.php\/wp-json\/wp\/v2\/pages\/23\/revisions"}],"predecessor-version":[{"id":129,"href":"https:\/\/www.laboutiquefantastik.com\/index.php\/wp-json\/wp\/v2\/pages\/23\/revisions\/129"}],"wp:attachment":[{"href":"https:\/\/www.laboutiquefantastik.com\/index.php\/wp-json\/wp\/v2\/media?parent=23"}],"curies":[{"name":"wp","href":"https:\/\/api.w.org\/{rel}","templated":true}]}}