{"id":25,"date":"2025-06-10T19:03:45","date_gmt":"2025-06-10T17:03:45","guid":{"rendered":"https:\/\/rzuedeu.cluster021.hosting.ovh.net\/?page_id=25"},"modified":"2025-12-31T14:10:03","modified_gmt":"2025-12-31T13:10:03","slug":"contact","status":"publish","type":"page","link":"https:\/\/www.laboutiquefantastik.com\/index.php\/contact\/","title":{"rendered":"CONTACT"},"content":{"rendered":"\n<figure class=\"wp-block-image alignleft size-large is-resized is-style-rounded\"><img loading=\"lazy\" decoding=\"async\" width=\"1024\" height=\"1024\" src=\"http:\/\/rzuedeu.cluster021.hosting.ovh.net\/wp-content\/uploads\/2025\/06\/Stickers-Ronds2-1024x1024.png\" alt=\"\" class=\"wp-image-11\" style=\"width:213px;height:auto\" srcset=\"https:\/\/www.laboutiquefantastik.com\/wp-content\/uploads\/2025\/06\/Stickers-Ronds2-1024x1024.png 1024w, https:\/\/www.laboutiquefantastik.com\/wp-content\/uploads\/2025\/06\/Stickers-Ronds2-300x300.png 300w, https:\/\/www.laboutiquefantastik.com\/wp-content\/uploads\/2025\/06\/Stickers-Ronds2-150x150.png 150w, https:\/\/www.laboutiquefantastik.com\/wp-content\/uploads\/2025\/06\/Stickers-Ronds2-768x768.png 768w, https:\/\/www.laboutiquefantastik.com\/wp-content\/uploads\/2025\/06\/Stickers-Ronds2.png 1181w\" sizes=\"auto, (max-width: 1024px) 100vw, 1024px\" \/><\/figure>\n\n\n\n<p>LA BOUTIQUE FANTASTIK  &#8211;  Krysss &amp; Elise<\/p>\n\n\n\n<p>4 rue de la paix 44390 Nort-sur-Erdre<br><a href=\"mailto:laboutiquefantastik@gmail.com\">laboutiquefantastik@gmail.com<\/a><\/p>\n\n\n\n<p>T\u00e9l\u00e9phone : 02.53.35.04.23<\/p>\n\n\n\n<p><strong><mark style=\"background-color:rgba(0, 0, 0, 0);color:#ff6900\" class=\"has-inline-color\">HORAIRES : <\/mark><\/strong><\/p>\n\n\n\n<p><em>Mardis et jeudis : de 10h \u00e0 12h30 et de 14h30 \u00e0 19h<br>Mercredis, vendredis et samedis : non-stop de 10h \u00e0 <\/em>19h<\/p>\n\n\n\n<p><\/p>\n\n\n\n<figure class=\"wp-block-image aligncenter size-full is-resized\"><img loading=\"lazy\" decoding=\"async\" width=\"512\" height=\"341\" src=\"https:\/\/www.laboutiquefantastik.com\/wp-content\/uploads\/2025\/07\/P35274171D6841831G-edited-1.webp\" alt=\"\" class=\"wp-image-179\" style=\"width:294px;height:auto\" srcset=\"https:\/\/www.laboutiquefantastik.com\/wp-content\/uploads\/2025\/07\/P35274171D6841831G-edited-1.webp 512w, https:\/\/www.laboutiquefantastik.com\/wp-content\/uploads\/2025\/07\/P35274171D6841831G-edited-1-300x200.webp 300w\" sizes=\"auto, (max-width: 512px) 100vw, 512px\" \/><\/figure>\n\n\n\n<p>Rejoignez la communaut\u00e9 Discord :<\/p>\n\n\n\n<figure class=\"wp-block-image size-full is-resized\"><img loading=\"lazy\" decoding=\"async\" width=\"500\" height=\"500\" src=\"https:\/\/www.laboutiquefantastik.com\/wp-content\/uploads\/2025\/07\/Rejoignez-notre-Discord.png\" alt=\"\" class=\"wp-image-291\" style=\"width:187px;height:auto\" srcset=\"https:\/\/www.laboutiquefantastik.com\/wp-content\/uploads\/2025\/07\/Rejoignez-notre-Discord.png 500w, https:\/\/www.laboutiquefantastik.com\/wp-content\/uploads\/2025\/07\/Rejoignez-notre-Discord-300x300.png 300w, https:\/\/www.laboutiquefantastik.com\/wp-content\/uploads\/2025\/07\/Rejoignez-notre-Discord-150x150.png 150w\" sizes=\"auto, (max-width: 500px) 100vw, 500px\" \/><\/figure>\n\n\n<style id=\"wpforms-css-vars-450-block-e3036465-37d0-41fb-bba7-df5685aaa197\">\n\t\t\t\t#wpforms-450.wpforms-block-e3036465-37d0-41fb-bba7-df5685aaa197 {\n\t\t\t\t--wpforms-label-color: #262626;\n--wpforms-label-sublabel-color: #7f7f7f;\n--wpforms-label-error-color: #ff0000;\n--wpforms-page-break-color: #dddddd;\n--wpforms-field-border-radius: 0px;\n--wpforms-field-border-color: #cccccc;\n--wpforms-field-border-color-spare: #cccccc;\n--wpforms-field-text-color: #444444;\n--wpforms-button-border-style: solid;\n--wpforms-button-border-radius: 0px;\n--wpforms-button-background-color: #dddddd;\n--wpforms-button-text-color: #666666;\n--wpforms-button-border-color: #cccccc;\n--wpforms-field-size-input-height: 43px;\n--wpforms-field-size-input-spacing: 15px;\n--wpforms-field-size-font-size: 16px;\n--wpforms-field-size-line-height: 19px;\n--wpforms-field-size-padding-h: 14px;\n--wpforms-field-size-checkbox-size: 16px;\n--wpforms-field-size-sublabel-spacing: 5px;\n--wpforms-field-size-icon-size: 1;\n--wpforms-label-size-font-size: 14px;\n--wpforms-label-size-line-height: 17px;\n--wpforms-label-size-sublabel-font-size: 13px;\n--wpforms-label-size-sublabel-line-height: 16px;\n--wpforms-button-size-font-size: 17px;\n--wpforms-button-size-height: 41px;\n--wpforms-button-size-padding-h: 15px;\n--wpforms-button-size-margin-top: 10px;\n\t\t\t}\n\t\t\t<\/style><div class=\"wpforms-container wpforms-container-full wpforms-block wpforms-block-e3036465-37d0-41fb-bba7-df5685aaa197 wpforms-render-modern\" id=\"wpforms-450\"><form id=\"wpforms-form-450\" class=\"wpforms-validate wpforms-form wpforms-ajax-form\" data-formid=\"450\" method=\"post\" enctype=\"multipart\/form-data\" action=\"\/index.php\/wp-json\/wp\/v2\/pages\/25\" data-token=\"f664a42fd004dd4e43b3b2e4246ccb2f\" data-token-time=\"1776796778\"><noscript class=\"wpforms-error-noscript\">Veuillez activer JavaScript dans votre navigateur pour remplir ce formulaire.<\/noscript><div id=\"wpforms-error-noscript\" style=\"display: none;\">Veuillez activer JavaScript dans votre navigateur pour remplir ce formulaire.<\/div><div class=\"wpforms-field-container\"><div id=\"wpforms-450-field_1-container\" class=\"wpforms-field wpforms-field-name\" data-field-id=\"1\"><fieldset><legend class=\"wpforms-field-label\">Nom <span class=\"wpforms-required-label\" aria-hidden=\"true\">*<\/span><\/legend><div class=\"wpforms-field-row wpforms-field-medium\"><div class=\"wpforms-field-row-block wpforms-first wpforms-one-half\"><input type=\"text\" id=\"wpforms-450-field_1\" class=\"wpforms-field-name-first wpforms-field-required\" name=\"wpforms[fields][1][first]\" aria-errormessage=\"wpforms-450-field_1-error\" required><label for=\"wpforms-450-field_1\" class=\"wpforms-field-sublabel after\">Pr\u00e9nom<\/label><\/div><div class=\"wpforms-field-row-block wpforms-one-half\"><input type=\"text\" id=\"wpforms-450-field_1-last\" class=\"wpforms-field-name-last wpforms-field-required\" name=\"wpforms[fields][1][last]\" aria-errormessage=\"wpforms-450-field_1-last-error\" required><label for=\"wpforms-450-field_1-last\" class=\"wpforms-field-sublabel after\">Nom<\/label><\/div><\/div><\/fieldset><\/div>\t\t<div id=\"wpforms-450-field_4-container\"\n\t\t\tclass=\"wpforms-field wpforms-field-text\"\n\t\t\tdata-field-type=\"text\"\n\t\t\tdata-field-id=\"4\"\n\t\t\t>\n\t\t\t<label class=\"wpforms-field-label\" for=\"wpforms-450-field_4\" >E-mail Nom message<\/label>\n\t\t\t<input type=\"text\" id=\"wpforms-450-field_4\" class=\"wpforms-field-medium\" name=\"wpforms[fields][4]\" >\n\t\t<\/div>\n\t\t<div id=\"wpforms-450-field_2-container\" class=\"wpforms-field wpforms-field-email\" data-field-id=\"2\"><label class=\"wpforms-field-label\" for=\"wpforms-450-field_2\">E-mail <span class=\"wpforms-required-label\" aria-hidden=\"true\">*<\/span><\/label><input type=\"email\" id=\"wpforms-450-field_2\" class=\"wpforms-field-medium wpforms-field-required\" name=\"wpforms[fields][2]\" spellcheck=\"false\" aria-errormessage=\"wpforms-450-field_2-error\" required><\/div><div id=\"wpforms-450-field_3-container\" class=\"wpforms-field wpforms-field-textarea\" data-field-id=\"3\"><label class=\"wpforms-field-label\" for=\"wpforms-450-field_3\">Commentaire ou message<\/label><textarea id=\"wpforms-450-field_3\" class=\"wpforms-field-medium\" name=\"wpforms[fields][3]\" aria-errormessage=\"wpforms-450-field_3-error\" ><\/textarea><\/div><script>\n\t\t\t\t( function() {\n\t\t\t\t\tconst style = document.createElement( 'style' );\n\t\t\t\t\tstyle.appendChild( document.createTextNode( '#wpforms-450-field_4-container { position: absolute !important; overflow: hidden !important; display: inline !important; height: 1px !important; width: 1px !important; z-index: -1000 !important; padding: 0 !important; } #wpforms-450-field_4-container input { visibility: hidden; } #wpforms-conversational-form-page #wpforms-450-field_4-container label { counter-increment: none; }' ) );\n\t\t\t\t\tdocument.head.appendChild( style );\n\t\t\t\t\tdocument.currentScript?.remove();\n\t\t\t\t} )();\n\t\t\t<\/script><\/div><!-- .wpforms-field-container --><div class=\"wpforms-submit-container\" ><input type=\"hidden\" name=\"wpforms[id]\" value=\"450\"><input type=\"hidden\" name=\"page_title\" value=\"\"><input type=\"hidden\" name=\"page_url\" value=\"https:\/\/www.laboutiquefantastik.com\/index.php\/wp-json\/wp\/v2\/pages\/25\"><input type=\"hidden\" name=\"url_referer\" value=\"\"><button type=\"submit\" name=\"wpforms[submit]\" id=\"wpforms-submit-450\" class=\"wpforms-submit\" data-alt-text=\"Envoi...\" data-submit-text=\"Envoyer\" aria-live=\"assertive\" value=\"wpforms-submit\">Envoyer<\/button><img loading=\"lazy\" decoding=\"async\" src=\"https:\/\/www.laboutiquefantastik.com\/wp-content\/plugins\/wpforms-lite\/assets\/images\/submit-spin.svg\" class=\"wpforms-submit-spinner\" style=\"display: none;\" width=\"26\" height=\"26\" alt=\"Chargement en cours\"><\/div><\/form><\/div>  <!-- .wpforms-container -->","protected":false},"excerpt":{"rendered":"<p>LA BOUTIQUE FANTASTIK &#8211; Krysss &amp; Elise 4 rue de la paix 44390 Nort-sur-Erdrelaboutiquefantastik@gmail.com T\u00e9l\u00e9phone : 02.53.35.04.23 HORAIRES : Mardis et jeudis : de 10h \u00e0 12h30 et de 14h30 \u00e0 19hMercredis, vendredis et samedis : non-stop de 10h \u00e0 19h Rejoignez la communaut\u00e9 Discord :<\/p>\n","protected":false},"author":1,"featured_media":0,"parent":0,"menu_order":0,"comment_status":"closed","ping_status":"closed","template":"","meta":{"footnotes":""},"class_list":["post-25","page","type-page","status-publish","hentry"],"_links":{"self":[{"href":"https:\/\/www.laboutiquefantastik.com\/index.php\/wp-json\/wp\/v2\/pages\/25","targetHints":{"allow":["GET"]}}],"collection":[{"href":"https:\/\/www.laboutiquefantastik.com\/index.php\/wp-json\/wp\/v2\/pages"}],"about":[{"href":"https:\/\/www.laboutiquefantastik.com\/index.php\/wp-json\/wp\/v2\/types\/page"}],"author":[{"embeddable":true,"href":"https:\/\/www.laboutiquefantastik.com\/index.php\/wp-json\/wp\/v2\/users\/1"}],"replies":[{"embeddable":true,"href":"https:\/\/www.laboutiquefantastik.com\/index.php\/wp-json\/wp\/v2\/comments?post=25"}],"version-history":[{"count":18,"href":"https:\/\/www.laboutiquefantastik.com\/index.php\/wp-json\/wp\/v2\/pages\/25\/revisions"}],"predecessor-version":[{"id":459,"href":"https:\/\/www.laboutiquefantastik.com\/index.php\/wp-json\/wp\/v2\/pages\/25\/revisions\/459"}],"wp:attachment":[{"href":"https:\/\/www.laboutiquefantastik.com\/index.php\/wp-json\/wp\/v2\/media?parent=25"}],"curies":[{"name":"wp","href":"https:\/\/api.w.org\/{rel}","templated":true}]}}