{"id":27,"date":"2025-06-10T19:04:16","date_gmt":"2025-06-10T17:04:16","guid":{"rendered":"https:\/\/rzuedeu.cluster021.hosting.ovh.net\/?page_id=27"},"modified":"2026-01-21T12:44:14","modified_gmt":"2026-01-21T11:44:14","slug":"offre-pros-assos","status":"publish","type":"page","link":"https:\/\/www.laboutiquefantastik.com\/index.php\/les-animations\/offre-pros-assos\/","title":{"rendered":"Pros &amp; Assos"},"content":{"rendered":"\n<p>Entreprises, associations, communes : vous souhaitez mettre en place une animation ludique pour un \u00e9v\u00e8nement, un s\u00e9minaire, un team-building, etc. ?<\/p>\n\n\n\n<p><strong>Nous vous proposons nos comp\u00e9tences et notre bonne humeur pour construire une offre qui correspond \u00e0 vos besoins !<\/strong><\/p>\n\n\n\n<p>Jeux d&rsquo;enqu\u00eate et escape games, jeux de soci\u00e9t\u00e9 coop\u00e9ratifs, jeux de r\u00f4les, s\u00e9lection th\u00e9matique, etc.<\/p>\n\n\n\n<p>Une offre personnalis\u00e9e pour un maximum de plaisir !<\/p>\n\n\n\n<div class=\"wp-block-columns is-layout-flex wp-container-core-columns-is-layout-28f84493 wp-block-columns-is-layout-flex\">\n<div class=\"wp-block-column is-layout-flow wp-block-column-is-layout-flow\">\n<figure class=\"wp-block-image size-large\"><img loading=\"lazy\" decoding=\"async\" width=\"724\" height=\"1024\" src=\"https:\/\/www.laboutiquefantastik.com\/wp-content\/uploads\/2026\/01\/1-1-724x1024.jpg\" alt=\"\" class=\"wp-image-463\" srcset=\"https:\/\/www.laboutiquefantastik.com\/wp-content\/uploads\/2026\/01\/1-1-724x1024.jpg 724w, https:\/\/www.laboutiquefantastik.com\/wp-content\/uploads\/2026\/01\/1-1-212x300.jpg 212w, https:\/\/www.laboutiquefantastik.com\/wp-content\/uploads\/2026\/01\/1-1-768x1086.jpg 768w, https:\/\/www.laboutiquefantastik.com\/wp-content\/uploads\/2026\/01\/1-1-1086x1536.jpg 1086w, https:\/\/www.laboutiquefantastik.com\/wp-content\/uploads\/2026\/01\/1-1.jpg 1414w\" sizes=\"auto, (max-width: 724px) 100vw, 724px\" \/><\/figure>\n<\/div>\n\n\n\n<div class=\"wp-block-column is-layout-flow wp-block-column-is-layout-flow\">\n<figure class=\"wp-block-image size-large\"><img loading=\"lazy\" decoding=\"async\" width=\"724\" height=\"1024\" src=\"https:\/\/www.laboutiquefantastik.com\/wp-content\/uploads\/2026\/01\/2-724x1024.jpg\" alt=\"\" class=\"wp-image-464\" srcset=\"https:\/\/www.laboutiquefantastik.com\/wp-content\/uploads\/2026\/01\/2-724x1024.jpg 724w, https:\/\/www.laboutiquefantastik.com\/wp-content\/uploads\/2026\/01\/2-212x300.jpg 212w, https:\/\/www.laboutiquefantastik.com\/wp-content\/uploads\/2026\/01\/2-768x1086.jpg 768w, https:\/\/www.laboutiquefantastik.com\/wp-content\/uploads\/2026\/01\/2-1086x1536.jpg 1086w, https:\/\/www.laboutiquefantastik.com\/wp-content\/uploads\/2026\/01\/2.jpg 1414w\" sizes=\"auto, (max-width: 724px) 100vw, 724px\" \/><\/figure>\n<\/div>\n<\/div>\n\n\n\n<div class=\"wp-block-columns is-layout-flex wp-container-core-columns-is-layout-28f84493 wp-block-columns-is-layout-flex\">\n<div class=\"wp-block-column is-layout-flow wp-block-column-is-layout-flow\">\n<figure class=\"wp-block-image size-large\"><img loading=\"lazy\" decoding=\"async\" width=\"724\" height=\"1024\" src=\"https:\/\/www.laboutiquefantastik.com\/wp-content\/uploads\/2026\/01\/3-724x1024.jpg\" alt=\"\" class=\"wp-image-465\" srcset=\"https:\/\/www.laboutiquefantastik.com\/wp-content\/uploads\/2026\/01\/3-724x1024.jpg 724w, https:\/\/www.laboutiquefantastik.com\/wp-content\/uploads\/2026\/01\/3-212x300.jpg 212w, https:\/\/www.laboutiquefantastik.com\/wp-content\/uploads\/2026\/01\/3-768x1086.jpg 768w, https:\/\/www.laboutiquefantastik.com\/wp-content\/uploads\/2026\/01\/3-1086x1536.jpg 1086w, https:\/\/www.laboutiquefantastik.com\/wp-content\/uploads\/2026\/01\/3.jpg 1414w\" sizes=\"auto, (max-width: 724px) 100vw, 724px\" \/><\/figure>\n<\/div>\n\n\n\n<div class=\"wp-block-column is-layout-flow wp-block-column-is-layout-flow\">\n<figure class=\"wp-block-image size-large\"><img loading=\"lazy\" decoding=\"async\" width=\"1414\" height=\"2000\" src=\"https:\/\/www.laboutiquefantastik.com\/wp-content\/uploads\/2026\/01\/4-724x1024.jpg\" alt=\"\" class=\"wp-image-466\" srcset=\"https:\/\/www.laboutiquefantastik.com\/wp-content\/uploads\/2026\/01\/4-724x1024.jpg 724w, https:\/\/www.laboutiquefantastik.com\/wp-content\/uploads\/2026\/01\/4-212x300.jpg 212w, https:\/\/www.laboutiquefantastik.com\/wp-content\/uploads\/2026\/01\/4-768x1086.jpg 768w, https:\/\/www.laboutiquefantastik.com\/wp-content\/uploads\/2026\/01\/4-1086x1536.jpg 1086w, https:\/\/www.laboutiquefantastik.com\/wp-content\/uploads\/2026\/01\/4.jpg 1414w\" sizes=\"auto, (max-width: 1414px) 100vw, 1414px\" \/><\/figure>\n<\/div>\n<\/div>\n\n\n\n<p><a href=\"mailto:laboutiquefantastik@gmail.com\">Contactez-nous<\/a> pour plus d&rsquo;informations.<\/p>\n\n\n\n<p><\/p>\n\n\n\n<p><\/p>\n\n\n\n<p>De plus, <strong>b\u00e9n\u00e9ficiez de 10% de remise<\/strong> sur vos achats en boutique !<\/p>\n\n\n\n<p><\/p>\n","protected":false},"excerpt":{"rendered":"<p>Entreprises, associations, communes : vous souhaitez mettre en place une animation ludique pour un \u00e9v\u00e8nement, un s\u00e9minaire, un team-building, etc. ? Nous vous proposons nos comp\u00e9tences et notre bonne humeur pour construire une offre qui correspond \u00e0 vos besoins ! Jeux d&rsquo;enqu\u00eate et escape games, jeux de soci\u00e9t\u00e9 coop\u00e9ratifs, jeux de r\u00f4les, s\u00e9lection th\u00e9matique, etc. [&hellip;]<\/p>\n","protected":false},"author":1,"featured_media":0,"parent":15,"menu_order":0,"comment_status":"closed","ping_status":"closed","template":"","meta":{"footnotes":""},"class_list":["post-27","page","type-page","status-publish","hentry"],"_links":{"self":[{"href":"https:\/\/www.laboutiquefantastik.com\/index.php\/wp-json\/wp\/v2\/pages\/27","targetHints":{"allow":["GET"]}}],"collection":[{"href":"https:\/\/www.laboutiquefantastik.com\/index.php\/wp-json\/wp\/v2\/pages"}],"about":[{"href":"https:\/\/www.laboutiquefantastik.com\/index.php\/wp-json\/wp\/v2\/types\/page"}],"author":[{"embeddable":true,"href":"https:\/\/www.laboutiquefantastik.com\/index.php\/wp-json\/wp\/v2\/users\/1"}],"replies":[{"embeddable":true,"href":"https:\/\/www.laboutiquefantastik.com\/index.php\/wp-json\/wp\/v2\/comments?post=27"}],"version-history":[{"count":9,"href":"https:\/\/www.laboutiquefantastik.com\/index.php\/wp-json\/wp\/v2\/pages\/27\/revisions"}],"predecessor-version":[{"id":467,"href":"https:\/\/www.laboutiquefantastik.com\/index.php\/wp-json\/wp\/v2\/pages\/27\/revisions\/467"}],"up":[{"embeddable":true,"href":"https:\/\/www.laboutiquefantastik.com\/index.php\/wp-json\/wp\/v2\/pages\/15"}],"wp:attachment":[{"href":"https:\/\/www.laboutiquefantastik.com\/index.php\/wp-json\/wp\/v2\/media?parent=27"}],"curies":[{"name":"wp","href":"https:\/\/api.w.org\/{rel}","templated":true}]}}