{"id":9,"date":"2025-06-10T19:03:38","date_gmt":"2025-06-10T17:03:38","guid":{"rendered":"https:\/\/rzuedeu.cluster021.hosting.ovh.net\/?page_id=9"},"modified":"2025-12-31T12:36:45","modified_gmt":"2025-12-31T11:36:45","slug":"accueil","status":"publish","type":"page","link":"https:\/\/www.laboutiquefantastik.com\/","title":{"rendered":"ACCUEIL"},"content":{"rendered":"\n<p>Actualit\u00e9s<\/p>\n\n\n<ul class=\"wp-block-latest-posts__list wp-block-latest-posts\"><li><a class=\"wp-block-latest-posts__post-title\" href=\"https:\/\/www.laboutiquefantastik.com\/index.php\/2026\/04\/13\/k-pop-demon-hunter\/\">\u00ab\u00a0K-Pop Demon Hunter\u00a0\u00bb<\/a><\/li>\n<li><a class=\"wp-block-latest-posts__post-title\" href=\"https:\/\/www.laboutiquefantastik.com\/index.php\/2026\/04\/12\/coups-bas-et-plus-encore\/\">\u00ab\u00a0Coups Bas\u00a0\u00bb et plus encore&#8230;<\/a><\/li>\n<li><a class=\"wp-block-latest-posts__post-title\" href=\"https:\/\/www.laboutiquefantastik.com\/index.php\/2026\/03\/21\/25-avril-initiation-lorcana\/\">25 Avril &#8211; Initiation Lorcana<\/a><\/li>\n<li><a class=\"wp-block-latest-posts__post-title\" href=\"https:\/\/www.laboutiquefantastik.com\/index.php\/2026\/03\/21\/19-avril-magic-ap-strixhaven\/\">19 Avril &#8211; Magic AP Strixhaven<\/a><\/li>\n<li><a class=\"wp-block-latest-posts__post-title\" href=\"https:\/\/www.laboutiquefantastik.com\/index.php\/2026\/03\/21\/10-avril-jeu-de-roles-coups-bas\/\">10 Avril &#8211; Jeu de R\u00f4les \u00ab\u00a0Coups Bas\u00a0\u00bb<\/a><\/li>\n<\/ul>\n\n\n<p>&#8211;  <\/p>\n\n\n\n<p><em>Amies joueuses, Amis joueurs, Bienvenue !<\/em><\/p>\n\n\n\n<figure class=\"wp-block-image alignleft size-large is-resized is-style-rounded\"><img loading=\"lazy\" decoding=\"async\" width=\"1024\" height=\"1024\" src=\"http:\/\/rzuedeu.cluster021.hosting.ovh.net\/wp-content\/uploads\/2025\/06\/Stickers-Ronds2-1024x1024.png\" alt=\"\" class=\"wp-image-11\" style=\"width:234px;height:auto\" srcset=\"https:\/\/www.laboutiquefantastik.com\/wp-content\/uploads\/2025\/06\/Stickers-Ronds2-1024x1024.png 1024w, https:\/\/www.laboutiquefantastik.com\/wp-content\/uploads\/2025\/06\/Stickers-Ronds2-300x300.png 300w, https:\/\/www.laboutiquefantastik.com\/wp-content\/uploads\/2025\/06\/Stickers-Ronds2-150x150.png 150w, https:\/\/www.laboutiquefantastik.com\/wp-content\/uploads\/2025\/06\/Stickers-Ronds2-768x768.png 768w, https:\/\/www.laboutiquefantastik.com\/wp-content\/uploads\/2025\/06\/Stickers-Ronds2.png 1181w\" sizes=\"auto, (max-width: 1024px) 100vw, 1024px\" \/><\/figure>\n\n\n\n<p><strong>La Boutique FantastiK<\/strong> vous accueille dans le centre de <strong>Nort-sur-Erdre (44)<\/strong> pour vous proposer sa gamme de jeux de soci\u00e9t\u00e9, jeux de r\u00f4les et puzzles.<\/p>\n\n\n\n<p>La Boutique est g\u00e9r\u00e9e et anim\u00e9e par <strong>Krys &amp; Elise<\/strong>, passionn\u00e9es de jeux et de rencontres humaines.<\/p>\n\n\n\n<figure class=\"wp-block-image aligncenter size-full is-resized\"><img loading=\"lazy\" decoding=\"async\" width=\"742\" height=\"494\" src=\"https:\/\/www.laboutiquefantastik.com\/wp-content\/uploads\/2025\/07\/P35274171D6841831G-edited.webp\" alt=\"\" class=\"wp-image-177\" style=\"width:350px;height:auto\" srcset=\"https:\/\/www.laboutiquefantastik.com\/wp-content\/uploads\/2025\/07\/P35274171D6841831G-edited.webp 742w, https:\/\/www.laboutiquefantastik.com\/wp-content\/uploads\/2025\/07\/P35274171D6841831G-edited-300x200.webp 300w\" sizes=\"auto, (max-width: 742px) 100vw, 742px\" \/><\/figure>\n\n\n\n<p><\/p>\n\n\n\n<p><strong>Le + de la Boutique :<\/strong><\/p>\n\n\n\n<p><em>Le Salon Ludique<\/em> : une seconde salle vous offrant la possibilit\u00e9 de tester les jeux de d\u00e9monstration en savourant un th\u00e9, un caf\u00e9, une gourmandise&#8230;<\/p>\n\n\n\n<p>Un endroit propice aux bons moments pour petits et grands !<\/p>\n\n\n\n<p><\/p>\n\n\n\n<p><\/p>\n\n\n\n<div class=\"wp-block-buttons is-content-justification-center is-layout-flex wp-container-core-buttons-is-layout-a89b3969 wp-block-buttons-is-layout-flex\">\n<div class=\"wp-block-button\"><a class=\"wp-block-button__link wp-element-button\" href=\"https:\/\/www.laboutiquefantastik.com\/index.php\/la-boutique-de-jeux\/\">Boutique<\/a><\/div>\n\n\n\n<div class=\"wp-block-button\"><a class=\"wp-block-button__link wp-element-button\" href=\"https:\/\/www.laboutiquefantastik.com\/index.php\/le-cafe-ludique\/\">Salon Ludique<\/a><\/div>\n\n\n\n<div class=\"wp-block-button\"><a class=\"wp-block-button__link wp-element-button\" href=\"https:\/\/www.laboutiquefantastik.com\/index.php\/les-animations\/\">Animations<\/a><\/div>\n<\/div>\n\n\n\n<div class=\"wp-block-buttons is-content-justification-center is-layout-flex wp-container-core-buttons-is-layout-a89b3969 wp-block-buttons-is-layout-flex\">\n<div class=\"wp-block-button is-style-outline is-style-outline--1\"><a class=\"wp-block-button__link has-text-align-center wp-element-button\" href=\"https:\/\/www.laboutiquefantastik.com\/index.php\/contact\/\">Nous contacter<\/a><\/div>\n<\/div>\n\n\n\n<p>&#8211;<\/p>\n\n\n\n<p>Rejoignez la communaut\u00e9 Discord :<\/p>\n\n\n\n<figure class=\"wp-block-image size-full is-resized\"><img loading=\"lazy\" decoding=\"async\" width=\"500\" height=\"500\" src=\"https:\/\/www.laboutiquefantastik.com\/wp-content\/uploads\/2025\/07\/Rejoignez-notre-Discord.png\" alt=\"\" class=\"wp-image-291\" style=\"width:370px;height:auto\" srcset=\"https:\/\/www.laboutiquefantastik.com\/wp-content\/uploads\/2025\/07\/Rejoignez-notre-Discord.png 500w, https:\/\/www.laboutiquefantastik.com\/wp-content\/uploads\/2025\/07\/Rejoignez-notre-Discord-300x300.png 300w, https:\/\/www.laboutiquefantastik.com\/wp-content\/uploads\/2025\/07\/Rejoignez-notre-Discord-150x150.png 150w\" sizes=\"auto, (max-width: 500px) 100vw, 500px\" \/><\/figure>\n","protected":false},"excerpt":{"rendered":"<p>Actualit\u00e9s &#8211; Amies joueuses, Amis joueurs, Bienvenue ! La Boutique FantastiK vous accueille dans le centre de Nort-sur-Erdre (44) pour vous proposer sa gamme de jeux de soci\u00e9t\u00e9, jeux de r\u00f4les et puzzles. La Boutique est g\u00e9r\u00e9e et anim\u00e9e par Krys &amp; Elise, passionn\u00e9es de jeux et de rencontres humaines. Le + de la Boutique [&hellip;]<\/p>\n","protected":false},"author":1,"featured_media":0,"parent":0,"menu_order":0,"comment_status":"closed","ping_status":"closed","template":"","meta":{"footnotes":""},"class_list":["post-9","page","type-page","status-publish","hentry"],"_links":{"self":[{"href":"https:\/\/www.laboutiquefantastik.com\/index.php\/wp-json\/wp\/v2\/pages\/9","targetHints":{"allow":["GET"]}}],"collection":[{"href":"https:\/\/www.laboutiquefantastik.com\/index.php\/wp-json\/wp\/v2\/pages"}],"about":[{"href":"https:\/\/www.laboutiquefantastik.com\/index.php\/wp-json\/wp\/v2\/types\/page"}],"author":[{"embeddable":true,"href":"https:\/\/www.laboutiquefantastik.com\/index.php\/wp-json\/wp\/v2\/users\/1"}],"replies":[{"embeddable":true,"href":"https:\/\/www.laboutiquefantastik.com\/index.php\/wp-json\/wp\/v2\/comments?post=9"}],"version-history":[{"count":18,"href":"https:\/\/www.laboutiquefantastik.com\/index.php\/wp-json\/wp\/v2\/pages\/9\/revisions"}],"predecessor-version":[{"id":445,"href":"https:\/\/www.laboutiquefantastik.com\/index.php\/wp-json\/wp\/v2\/pages\/9\/revisions\/445"}],"wp:attachment":[{"href":"https:\/\/www.laboutiquefantastik.com\/index.php\/wp-json\/wp\/v2\/media?parent=9"}],"curies":[{"name":"wp","href":"https:\/\/api.w.org\/{rel}","templated":true}]}}